{"id":94,"date":"2018-05-29T09:33:14","date_gmt":"2018-05-29T07:33:14","guid":{"rendered":"http:\/\/loeilduse.fr\/?page_id=94"},"modified":"2022-11-03T16:29:01","modified_gmt":"2022-11-03T15:29:01","slug":"qui-suis-je","status":"publish","type":"page","link":"https:\/\/loeilduse.fr\/?page_id=94&lang=fr","title":{"rendered":"Qui suis-je ?"},"content":{"rendered":"<p style=\"text-align: justify;\"><span style=\"font-family: 'trebuchet ms', geneva, sans-serif;\"><img loading=\"lazy\" decoding=\"async\" class=\" wp-image-153 alignright\" src=\"http:\/\/loeilduse.fr\/wp-content\/uploads\/2018\/05\/Farid-Benrejdal-1-218x300.jpg\" alt=\"\" width=\"186\" height=\"256\" srcset=\"https:\/\/loeilduse.fr\/wp-content\/uploads\/2018\/05\/Farid-Benrejdal-1-218x300.jpg 218w, https:\/\/loeilduse.fr\/wp-content\/uploads\/2018\/05\/Farid-Benrejdal-1.jpg 233w\" sizes=\"(max-width: 186px) 100vw, 186px\" \/>Ing\u00e9nieur du CNAM en informatique fondamentale et distribu\u00e9e, j&#8217;ai une exp\u00e9rience riche et vari\u00e9e, j&#8217;ai commenc\u00e9 en tant que \u00a0d\u00e9veloppeur, administrateur syst\u00e8mes et r\u00e9seaux et ces derni\u00e8res ann\u00e9es, avant-vente sp\u00e9cialiste SAN et stockage chez un distributeur (Distrilogie), avant-vente sp\u00e9cialis\u00e9 stockage, haute-disponibilit\u00e9 et plan de reprise d&#8217;activit\u00e9 chez Symantec (solutions Veritas), \u00a0actuellement je travaille chez VMware depuis 2011, j&#8217;ai exerc\u00e9 en tant que SE (Systems Engineer : Ing\u00e9nieur Avant-Vente), GSC (Global Solution Consultant) et maintenant en tant que Tanzu Global Account Executive (Commercial sp\u00e9cialiste sur l&#8217;offre Tanzu pour des comptes globaux).<br \/>\n<\/span><\/p>\n","protected":false},"excerpt":{"rendered":"<p>Ing\u00e9nieur du CNAM en informatique fondamentale et distribu\u00e9e, j&#8217;ai une exp\u00e9rience riche et vari\u00e9e, j&#8217;ai commenc\u00e9 en tant que \u00a0d\u00e9veloppeur, administrateur syst\u00e8mes et r\u00e9seaux et ces derni\u00e8res ann\u00e9es, avant-vente sp\u00e9cialiste SAN et stockage chez un distributeur (Distrilogie), avant-vente sp\u00e9cialis\u00e9 stockage, haute-disponibilit\u00e9 et plan de reprise d&#8217;activit\u00e9 chez Symantec (solutions Veritas), \u00a0actuellement je travaille chez VMware<\/p><\/div>\n<div class=\"blog-btn\"><a href=\"https:\/\/loeilduse.fr\/?page_id=94&#038;lang=fr\" class=\"home-blog-btn\">Lire la suite<\/a><\/p>\n","protected":false},"author":1,"featured_media":0,"parent":0,"menu_order":0,"comment_status":"closed","ping_status":"closed","template":"","meta":{"footnotes":""},"post_mailing_queue_ids":[],"_links":{"self":[{"href":"https:\/\/loeilduse.fr\/index.php?rest_route=\/wp\/v2\/pages\/94"}],"collection":[{"href":"https:\/\/loeilduse.fr\/index.php?rest_route=\/wp\/v2\/pages"}],"about":[{"href":"https:\/\/loeilduse.fr\/index.php?rest_route=\/wp\/v2\/types\/page"}],"author":[{"embeddable":true,"href":"https:\/\/loeilduse.fr\/index.php?rest_route=\/wp\/v2\/users\/1"}],"replies":[{"embeddable":true,"href":"https:\/\/loeilduse.fr\/index.php?rest_route=%2Fwp%2Fv2%2Fcomments&post=94"}],"version-history":[{"count":7,"href":"https:\/\/loeilduse.fr\/index.php?rest_route=\/wp\/v2\/pages\/94\/revisions"}],"predecessor-version":[{"id":1209,"href":"https:\/\/loeilduse.fr\/index.php?rest_route=\/wp\/v2\/pages\/94\/revisions\/1209"}],"wp:attachment":[{"href":"https:\/\/loeilduse.fr\/index.php?rest_route=%2Fwp%2Fv2%2Fmedia&parent=94"}],"curies":[{"name":"wp","href":"https:\/\/api.w.org\/{rel}","templated":true}]}}