{"id":173,"date":"2018-06-04T21:50:35","date_gmt":"2018-06-04T19:50:35","guid":{"rendered":"http:\/\/loeilduse.fr\/?page_id=173"},"modified":"2018-06-04T21:51:46","modified_gmt":"2018-06-04T19:51:46","slug":"cest-quoi-un-se","status":"publish","type":"page","link":"https:\/\/loeilduse.fr\/?page_id=173&lang=fr","title":{"rendered":"C&#8217;est quoi un SE ?"},"content":{"rendered":"<p style=\"text-align: justify;\"><span style=\"font-family: 'trebuchet ms', geneva, sans-serif;\">Un SE c&#8217;est un Systems Engineer : un avant-vente. Il existe deux types de SE :<\/span><\/p>\n<ul>\n<li style=\"text-align: justify;\"><span style=\"font-family: 'trebuchet ms', geneva, sans-serif;\">Le sp\u00e9cialiste, il va avoir en charge de maitriser une ou plusieurs solutions techniques, de mani\u00e8re \u00e0 pouvoir expliquer dans le d\u00e9tail \u00a0et\/ou prouver le fonctionnement de celles-ci.<\/span><\/li>\n<li style=\"text-align: justify;\"><span style=\"font-family: 'trebuchet ms', geneva, sans-serif;\">Le g\u00e9n\u00e9raliste, il va avoir en charge des clients ou des partenaires. <\/span><span style=\"font-family: 'trebuchet ms', geneva, sans-serif;\">Il doit n\u00e9anmoins avoir un verni technique sur un ensemble des solutions de fa\u00e7on \u00e0 pouvoir les expliquer sans trop rentrer dans les d\u00e9tails. Le SE partenaire va transmettre ses connaissances \u00e0 ses partenaires de sorte que ces derniers puissent \u00e0 leur tour conseiller leurs clients. Le SE client\u00a0<\/span><span style=\"font-family: 'trebuchet ms', geneva, sans-serif;\">est l\u00e0 pour aider ses clients \u00e0 choisir les meilleures solutions qui vont contribuer au respect des objectifs business de leur entreprise fix\u00e9s par la direction.<\/span><\/li>\n<\/ul>\n<p>&nbsp;<\/p>\n","protected":false},"excerpt":{"rendered":"<p>Un SE c&#8217;est un Systems Engineer : un avant-vente. Il existe deux types de SE : Le sp\u00e9cialiste, il va avoir en charge de maitriser une ou plusieurs solutions techniques, de mani\u00e8re \u00e0 pouvoir expliquer dans le d\u00e9tail \u00a0et\/ou prouver le fonctionnement de celles-ci. Le g\u00e9n\u00e9raliste, il va avoir en charge des clients ou des<\/p><\/div>\n<div class=\"blog-btn\"><a href=\"https:\/\/loeilduse.fr\/?page_id=173&#038;lang=fr\" class=\"home-blog-btn\">Lire la suite<\/a><\/p>\n","protected":false},"author":1,"featured_media":0,"parent":0,"menu_order":0,"comment_status":"closed","ping_status":"closed","template":"","meta":{"footnotes":""},"post_mailing_queue_ids":[],"_links":{"self":[{"href":"https:\/\/loeilduse.fr\/index.php?rest_route=\/wp\/v2\/pages\/173"}],"collection":[{"href":"https:\/\/loeilduse.fr\/index.php?rest_route=\/wp\/v2\/pages"}],"about":[{"href":"https:\/\/loeilduse.fr\/index.php?rest_route=\/wp\/v2\/types\/page"}],"author":[{"embeddable":true,"href":"https:\/\/loeilduse.fr\/index.php?rest_route=\/wp\/v2\/users\/1"}],"replies":[{"embeddable":true,"href":"https:\/\/loeilduse.fr\/index.php?rest_route=%2Fwp%2Fv2%2Fcomments&post=173"}],"version-history":[{"count":7,"href":"https:\/\/loeilduse.fr\/index.php?rest_route=\/wp\/v2\/pages\/173\/revisions"}],"predecessor-version":[{"id":192,"href":"https:\/\/loeilduse.fr\/index.php?rest_route=\/wp\/v2\/pages\/173\/revisions\/192"}],"wp:attachment":[{"href":"https:\/\/loeilduse.fr\/index.php?rest_route=%2Fwp%2Fv2%2Fmedia&parent=173"}],"curies":[{"name":"wp","href":"https:\/\/api.w.org\/{rel}","templated":true}]}}